{"id":553,"date":"2026-02-13T07:43:08","date_gmt":"2026-02-13T07:43:08","guid":{"rendered":"https:\/\/luckycrusher.com\/?page_id=553"},"modified":"2026-02-16T21:42:22","modified_gmt":"2026-02-16T21:42:22","slug":"gizlilik-politikasi","status":"publish","type":"page","link":"https:\/\/luckycrusher.com\/tr\/privacy-policy\/","title":{"rendered":"Gizlilik Politikas\u0131"},"content":{"rendered":"<p>Son G\u00fcncelleme 13 \u015eubat 2026<br>Y\u00fcr\u00fcrl\u00fck Tarihi: 13 \u015eubat 2026<\/p>\n\n\n\n<h2 class=\"wp-block-heading\">Gizlilik Taahh\u00fcd\u00fcm\u00fcz<\/h2>\n\n\n\n<p>LuckyCrusher gizlili\u011finize ve g\u00fcvenli\u011finize de\u011fer verir. Bu politika, web sitemizi kulland\u0131\u011f\u0131n\u0131zda ki\u015fisel bilgilerinizi nas\u0131l toplad\u0131\u011f\u0131m\u0131z\u0131, kulland\u0131\u011f\u0131m\u0131z\u0131 ve korudu\u011fumuzu a\u00e7\u0131klamaktad\u0131r. <a class=\"wpil_keyword_link\" href=\"https:\/\/luckycrusher.com\/chatroulette\"   title=\"g\u00f6r\u00fcnt\u00fcl\u00fc sohbet\" data-wpil-keyword-link=\"linked\"  data-wpil-monitor-id=\"62\">g\u00f6r\u00fcnt\u00fcl\u00fc sohbet<\/a> platform. LuckyCrusher'\u0131 kullanarak bu politikay\u0131 kabul etmi\u015f olursunuz.<\/p>\n\n\n\n<h2 class=\"wp-block-heading\">1. Toplad\u0131\u011f\u0131m\u0131z Bilgiler<\/h2>\n\n\n\n<h3 class=\"wp-block-heading\">1.1 Bize Verdi\u011finiz Bilgiler<\/h3>\n\n\n\n<p>Siz bilgi toplad\u0131\u011f\u0131n\u0131zda biz de bilgi topluyoruz:<\/p>\n\n\n\n<ul class=\"wp-block-list\">\n<li>Bir hesap olu\u015fturun (e-posta, kullan\u0131c\u0131 ad\u0131, \u015fifre)<\/li>\n\n\n\n<li>Profilinizi ayarlay\u0131n (ya\u015f, cinsiyet, konum, dil)<\/li>\n\n\n\n<li>\u00d6deme yapma (fatura bilgileri)<\/li>\n\n\n\n<li>Ya\u015f\u0131n\u0131z\u0131 do\u011frulay\u0131n<\/li>\n\n\n\n<li>\u0130leti\u015fim deste\u011fi<\/li>\n\n\n\n<li>Sohbet tercihlerini ayarlama<\/li>\n<\/ul>\n\n\n\n<h3 class=\"wp-block-heading\">1.2 Otomatik Olarak Toplad\u0131\u011f\u0131m\u0131z Bilgiler<\/h3>\n\n\n\n<p>Platformumuzu kulland\u0131\u011f\u0131n\u0131zda, otomatik olarak toplar\u0131z:<\/p>\n\n\n\n<ul class=\"wp-block-list\">\n<li>Cihaz bilgileri (IP adresi, taray\u0131c\u0131, i\u015fletim sistemi)<\/li>\n\n\n\n<li>Hizmeti nas\u0131l kulland\u0131\u011f\u0131n\u0131z (oturum uzunlu\u011fu, kullan\u0131lan \u00f6zellikler)<\/li>\n\n\n\n<li>Konum verileri (IP adresine dayal\u0131)<\/li>\n\n\n\n<li>Kamera ve mikrofon eri\u015fimi (izninizle)<\/li>\n\n\n\n<li>Ba\u011flant\u0131 kalitesi ve performans verileri<\/li>\n\n\n\n<li>\u00c7erezler ve izleme bilgileri<\/li>\n<\/ul>\n\n\n\n<h3 class=\"wp-block-heading\">1.3 Di\u011ferlerinden Al\u0131nan Bilgiler<\/h3>\n\n\n\n<p>\u00d6deme i\u015flemcilerinden, analiz sa\u011flay\u0131c\u0131lar\u0131ndan, reklam ortaklar\u0131ndan ve doland\u0131r\u0131c\u0131l\u0131k \u00f6nleme hizmetlerinden bilgi alabiliriz.<\/p>\n\n\n\n<h2 class=\"wp-block-heading\">2. G\u00f6r\u00fcnt\u00fcl\u00fc Sohbet ve \u0130leti\u015fim Verileri<\/h2>\n\n\n\n<p><strong>\u00d6NEML\u0130:<\/strong>&nbsp;G\u00f6r\u00fcnt\u00fcl\u00fc sohbet verilerinizi nas\u0131l i\u015fledi\u011fimizi anlamak \u00e7ok \u00f6nemlidir.<\/p>\n\n\n\n<h3 class=\"wp-block-heading\">2.1 Canl\u0131 Video ve Ses<\/h3>\n\n\n\n<ul class=\"wp-block-list\">\n<li><strong>Videonuzu veya sesinizi KAYDETM\u0130YORUZ<\/strong><\/li>\n\n\n\n<li>Ak\u0131\u015flar kullan\u0131c\u0131lar aras\u0131nda do\u011frudan iletilir<\/li>\n\n\n\n<li>Veriler yaln\u0131zca aktif sohbetler s\u0131ras\u0131nda mevcuttur<\/li>\n\n\n\n<li>Di\u011fer kullan\u0131c\u0131lar\u0131n oturumlar\u0131 kaydedip kaydetmedi\u011fini kontrol edemeyiz<\/li>\n<\/ul>\n\n\n\n<h3 class=\"wp-block-heading\">2.2 Sohbet Meta Verileri<\/h3>\n\n\n\n<p>Sohbet oturumlar\u0131 hakk\u0131nda bilgi topluyoruz (i\u00e7erik de\u011fil):<\/p>\n\n\n\n<ul class=\"wp-block-list\">\n<li>Oturum ba\u015flang\u0131\u00e7 ve biti\u015f saatleri<\/li>\n\n\n\n<li>Oturum s\u00fcresi<\/li>\n\n\n\n<li>Ba\u011flant\u0131 kalitesi<\/li>\n\n\n\n<li>Kullan\u0131c\u0131 raporlar\u0131 veya bayraklar\u0131<\/li>\n<\/ul>\n\n\n\n<h3 class=\"wp-block-heading\">2.3 Metin Mesajlar\u0131<\/h3>\n\n\n\n<ul class=\"wp-block-list\">\n<li>Moderasyon i\u00e7in ge\u00e7ici olarak sakland\u0131<\/li>\n\n\n\n<li>\u0130\u015faretlenmedi\u011fi s\u00fcrece 30 g\u00fcn i\u00e7inde silinir<\/li>\n\n\n\n<li>Bildirilirse g\u00f6zden ge\u00e7irilebilir<\/li>\n<\/ul>\n\n\n\n<h3 class=\"wp-block-heading\">2.4 Kamera ve Mikrofon Eri\u015fimi<\/h3>\n\n\n\n<ul class=\"wp-block-list\">\n<li>Eri\u015fimden \u00f6nce taray\u0131c\u0131 izni istiyoruz<\/li>\n\n\n\n<li>\u0130zinleri istedi\u011finiz zaman iptal edebilirsiniz<\/li>\n\n\n\n<li>Sadece aktif sohbetler s\u0131ras\u0131nda eri\u015filebilir<\/li>\n<\/ul>\n\n\n\n<h2 class=\"wp-block-heading\">3. Bilgilerinizi Nas\u0131l Kullan\u0131yoruz<\/h2>\n\n\n\n<h3 class=\"wp-block-heading\">Hizmet Sunumu<\/h3>\n\n\n\n<ul class=\"wp-block-list\">\n<li>Sizi di\u011fer kullan\u0131c\u0131larla bulu\u015fturur<\/li>\n\n\n\n<li>Tercihlere g\u00f6re e\u015fle\u015ftirme<\/li>\n\n\n\n<li>Platform performans\u0131n\u0131 iyile\u015ftirin<\/li>\n\n\n\n<li>\u00d6demeleri i\u015fleyin<\/li>\n\n\n\n<li>\u00d6nemli g\u00fcncellemeleri g\u00f6nderin<\/li>\n<\/ul>\n\n\n\n<h3 class=\"wp-block-heading\">G\u00fcvenlik ve Emniyet<\/h3>\n\n\n\n<ul class=\"wp-block-list\">\n<li>Yasakl\u0131 i\u00e7erik i\u00e7in izleme<\/li>\n\n\n\n<li>Doland\u0131r\u0131c\u0131l\u0131k ve suistimalin \u00f6nlenmesi<\/li>\n\n\n\n<li>Kullan\u0131c\u0131 ya\u015f\u0131n\u0131 do\u011frulay\u0131n (18+)<\/li>\n\n\n\n<li>Orta d\u00fczeyde i\u00e7erik<\/li>\n\n\n\n<li>Hesaplar\u0131 koruyun<\/li>\n\n\n\n<li>Yasaklar\u0131 uygulay\u0131n<\/li>\n<\/ul>\n\n\n\n<h3 class=\"wp-block-heading\">Ki\u015fiselle\u015ftirme ve Analitik<\/h3>\n\n\n\n<ul class=\"wp-block-list\">\n<li>Deneyiminizi \u00f6zelle\u015ftirin<\/li>\n\n\n\n<li>Kullan\u0131m modellerini analiz edin<\/li>\n\n\n\n<li>E\u015fle\u015ftirme algoritmalar\u0131n\u0131 iyile\u015ftirin<\/li>\n\n\n\n<li>Performans\u0131 optimize edin<\/li>\n<\/ul>\n\n\n\n<h3 class=\"wp-block-heading\">Hukuk ve Pazarlama<\/h3>\n\n\n\n<ul class=\"wp-block-list\">\n<li>Yasal gerekliliklere uyun<\/li>\n\n\n\n<li>Hizmet \u015fartlar\u0131n\u0131 uygulay\u0131n<\/li>\n\n\n\n<li>Promosyon teklifleri g\u00f6ndermek (onay ile)<\/li>\n\n\n\n<li>Anketler d\u00fczenleyin<\/li>\n<\/ul>\n\n\n\n<h2 class=\"wp-block-heading\">4. Bilgilerinizi Nas\u0131l Payla\u015f\u0131yoruz<\/h2>\n\n\n\n<h3 class=\"wp-block-heading\">4.1 Di\u011fer Kullan\u0131c\u0131larla<\/h3>\n\n\n\n<p>Di\u011fer kullan\u0131c\u0131lar yaln\u0131zca cinsiyetinizi ve yakla\u015f\u0131k konumunuzu g\u00f6r\u00fcr. E-posta adresiniz, \u00f6deme bilgileriniz ve tam ad\u0131n\u0131z asla payla\u015f\u0131lmaz.<\/p>\n\n\n\n<h3 class=\"wp-block-heading\">4.2 Hizmet Sa\u011flay\u0131c\u0131lar<\/h3>\n\n\n\n<p>Verileri g\u00fcvenilir ortaklarla payla\u015f\u0131yoruz:<\/p>\n\n\n\n<ul class=\"wp-block-list\">\n<li>Bulut bar\u0131nd\u0131rma (AWS, Google Cloud)<\/li>\n\n\n\n<li>\u00d6deme i\u015flemleri (Stripe, PayPal)<\/li>\n\n\n\n<li>Video altyap\u0131 sa\u011flay\u0131c\u0131lar\u0131<\/li>\n\n\n\n<li>Analitik ara\u00e7lar<\/li>\n\n\n\n<li>M\u00fc\u015fteri destek platformlar\u0131<\/li>\n\n\n\n<li>G\u00fcvenlik ve doland\u0131r\u0131c\u0131l\u0131k tespit hizmetleri<\/li>\n<\/ul>\n\n\n\n<h3 class=\"wp-block-heading\">4.3 Yasal Gereklilikler<\/h3>\n\n\n\n<p>Yasalar gerektirdi\u011finde veya a\u015fa\u011f\u0131daki durumlarda bilgileri payla\u015fabiliriz:<\/p>\n\n\n\n<ul class=\"wp-block-list\">\n<li>Yasal y\u00fck\u00fcml\u00fcl\u00fcklere uymak<\/li>\n\n\n\n<li>Kolluk kuvvetlerine yan\u0131t verin<\/li>\n\n\n\n<li>Yasad\u0131\u015f\u0131 faaliyetleri \u00f6nleyin<\/li>\n\n\n\n<li>\u015eartlar\u0131m\u0131z\u0131 uygulay\u0131n<\/li>\n\n\n\n<li>Kullan\u0131c\u0131 g\u00fcvenli\u011fini koruyun<\/li>\n<\/ul>\n\n\n\n<h3 class=\"wp-block-heading\">4.4 \u0130\u015fletme Transferleri<\/h3>\n\n\n\n<p>\u015eirketimizin sat\u0131lmas\u0131 veya birle\u015fmesi durumunda bilgileriniz aktar\u0131labilir. Bu ger\u00e7ekle\u015fmeden \u00f6nce sizi bilgilendirece\u011fiz.<\/p>\n\n\n\n<h3 class=\"wp-block-heading\">4.5 \u0130zninizle<\/h3>\n\n\n\n<p>Bilgilerinizi sizin izninizle ba\u015fka ama\u00e7lar i\u00e7in payla\u015fabiliriz.<\/p>\n\n\n\n<h2 class=\"wp-block-heading\">5. \u00c7erezler ve \u0130zleme<\/h2>\n\n\n\n<p>Deneyiminizi geli\u015ftirmek i\u00e7in \u00e7erezler kullan\u0131yoruz:<\/p>\n\n\n\n<ul class=\"wp-block-list\">\n<li><strong>Temel \u00e7erezler:<\/strong>&nbsp;Platformun \u00e7al\u0131\u015fmas\u0131 i\u00e7in gerekli<\/li>\n\n\n\n<li><strong>Tercih \u00e7erezleri:<\/strong>&nbsp;Ayarlar\u0131n\u0131z\u0131 hat\u0131rlay\u0131n<\/li>\n\n\n\n<li><strong>Analitik \u00e7erezler:<\/strong>&nbsp;Siteyi nas\u0131l kulland\u0131\u011f\u0131n\u0131z\u0131 anlay\u0131n<\/li>\n\n\n\n<li><strong>Reklam \u00e7erezleri:<\/strong>&nbsp;Alakal\u0131 reklamlar g\u00f6sterin<\/li>\n<\/ul>\n\n\n\n<p>\u00c7erezleri taray\u0131c\u0131 ayarlar\u0131n\u0131zdan y\u00f6netebilirsiniz. Baz\u0131 \u00e7erezlerin devre d\u0131\u015f\u0131 b\u0131rak\u0131lmas\u0131 i\u015flevselli\u011fi etkileyebilir.<\/p>\n\n\n\n<h2 class=\"wp-block-heading\">6. Veri G\u00fcvenli\u011fi<\/h2>\n\n\n\n<h3 class=\"wp-block-heading\">Teknik G\u00fcvenlik<\/h3>\n\n\n\n<ul class=\"wp-block-list\">\n<li>Aktar\u0131m halindeki veriler i\u00e7in SSL\/TLS \u015fifreleme<\/li>\n\n\n\n<li>Saklanan veriler i\u00e7in AES-256 \u015fifreleme<\/li>\n\n\n\n<li>U\u00e7tan uca \u015fifrelenmi\u015f video ak\u0131\u015flar\u0131<\/li>\n\n\n\n<li>G\u00fcvenli veri merkezleri<\/li>\n\n\n\n<li>G\u00fcvenlik duvar\u0131 korumas\u0131<\/li>\n\n\n\n<li>Parola karmas\u0131<\/li>\n<\/ul>\n\n\n\n<h3 class=\"wp-block-heading\">Operasyonel G\u00fcvenlik<\/h3>\n\n\n\n<ul class=\"wp-block-list\">\n<li>D\u00fczenli g\u00fcvenlik denetimleri<\/li>\n\n\n\n<li>7\/24 izleme<\/li>\n\n\n\n<li>\u00c7al\u0131\u015fan e\u011fitimi<\/li>\n\n\n\n<li>Olay m\u00fcdahale prosed\u00fcrleri<\/li>\n<\/ul>\n\n\n\n<h3 class=\"wp-block-heading\">G\u00fcvenli\u011finiz<\/h3>\n\n\n\n<p>Kendinizi koruyun:<\/p>\n\n\n\n<ul class=\"wp-block-list\">\n<li>G\u00fc\u00e7l\u00fc bir parola kullan\u0131n<\/li>\n\n\n\n<li>Sohbetler s\u0131ras\u0131nda ki\u015fisel bilgilerinizi payla\u015fmay\u0131n<\/li>\n\n\n\n<li>Kimlik bilgilerinizi kamerada g\u00f6sterme konusunda dikkatli olun<\/li>\n\n\n\n<li>\u015e\u00fcpheli davran\u0131\u015flar\u0131 bildirin<\/li>\n\n\n\n<li>Yaz\u0131l\u0131m\u0131n\u0131z\u0131 g\u00fcncel tutun<\/li>\n<\/ul>\n\n\n\n<p><strong>\u00d6nemli:<\/strong>&nbsp;G\u00fc\u00e7l\u00fc g\u00fcvenlik \u00f6nlemleri kullan\u0131yor olsak da, hi\u00e7bir sistem 100% g\u00fcvenli de\u011fildir.<\/p>\n\n\n\n<h2 class=\"wp-block-heading\">7. Veri Saklama<\/h2>\n\n\n\n<p>Bilgilerinizi yaln\u0131zca ihtiya\u00e7 duyuldu\u011fu s\u00fcrece sakl\u0131yoruz:<\/p>\n\n\n\n<ul class=\"wp-block-list\">\n<li><strong>Hesap verileri:<\/strong>&nbsp;Aktifken, hesap silindikten sonra 90 g\u00fcn i\u00e7inde silinir<\/li>\n\n\n\n<li><strong>Video\/ses:<\/strong>&nbsp;Asla kaydedilmedi veya saklanmad\u0131<\/li>\n\n\n\n<li><strong>K\u0131sa mesajlar:<\/strong>&nbsp;30 g\u00fcn i\u00e7inde silindi<\/li>\n\n\n\n<li><strong>Oturum verileri:<\/strong>&nbsp;90 g\u00fcn boyunca saklan\u0131r, ard\u0131ndan anonimle\u015ftirilir<\/li>\n\n\n\n<li><strong>\u00d6deme kay\u0131tlar\u0131:<\/strong>&nbsp;Yasal uyumluluk i\u00e7in 7 y\u0131l boyunca saklan\u0131r<\/li>\n\n\n\n<li><strong>Destek biletleri:<\/strong>&nbsp;2 y\u0131l boyunca sakland\u0131<\/li>\n\n\n\n<li><strong>Yedekler:<\/strong>&nbsp;Veriler yedeklerde 90 g\u00fcne kadar kalabilir<\/li>\n<\/ul>\n\n\n\n<h2 class=\"wp-block-heading\">8. Gizlilik Haklar\u0131n\u0131z<\/h2>\n\n\n\n<p>Buna hakk\u0131n\u0131z var:<\/p>\n\n\n\n<ul class=\"wp-block-list\">\n<li>Ki\u015fisel bilgilerinize eri\u015fin<\/li>\n\n\n\n<li>Yanl\u0131\u015f bilgileri d\u00fczeltin<\/li>\n\n\n\n<li>Bilgilerinizi silin<\/li>\n\n\n\n<li>Verilerinizi indirin<\/li>\n\n\n\n<li>Onay\u0131n\u0131z\u0131 geri \u00e7ekin<\/li>\n\n\n\n<li>Belirli kullan\u0131mlara itiraz<\/li>\n\n\n\n<li>Gizlilik yetkililerine \u015fikayette bulunun<\/li>\n<\/ul>\n\n\n\n<h3 class=\"wp-block-heading\">Kaliforniya'da \u0130kamet Edenler (CCPA)<\/h3>\n\n\n\n<p>Kaliforniya kullan\u0131c\u0131lar\u0131, hangi bilgilerin topland\u0131\u011f\u0131n\u0131 bilmek ve veri sat\u0131\u015flar\u0131ndan vazge\u00e7me hakk\u0131 dahil olmak \u00fczere ek haklara sahiptir.<\/p>\n\n\n\n<p><strong>Ki\u015fisel bilgilerinizi SATMIYORUZ.<\/strong><\/p>\n\n\n\n<h3 class=\"wp-block-heading\">Haklar Nas\u0131l Kullan\u0131l\u0131r<\/h3>\n\n\n\n<p>Bize info@luckycrusher.com adresinden ula\u015f\u0131n veya hesap ayarlar\u0131n\u0131z\u0131 kullan\u0131n. 30 g\u00fcn i\u00e7inde yan\u0131t verece\u011fiz.<\/p>\n\n\n\n<h2 class=\"wp-block-heading\">9. Ya\u015f Do\u011frulama ve \u00c7ocuklar\u0131n Gizlili\u011fi<\/h2>\n\n\n\n<p><strong>LuckyCrusher SADECE 18 ya\u015f ve \u00fczeri kullan\u0131c\u0131lar i\u00e7indir.<\/strong><\/p>\n\n\n\n<h3 class=\"wp-block-heading\">Ya\u015f Gereksinimleri<\/h3>\n\n\n\n<ul class=\"wp-block-list\">\n<li>LuckyCrusher'\u0131 kullanmak i\u00e7in en az 18 ya\u015f\u0131nda olmal\u0131s\u0131n\u0131z<\/li>\n\n\n\n<li>Kendi kendine belgelendirme, kredi kartlar\u0131 ve do\u011frulama hizmetleri arac\u0131l\u0131\u011f\u0131yla ya\u015f\u0131 do\u011fruluyoruz<\/li>\n\n\n\n<li>18 ya\u015f\u0131ndan k\u00fc\u00e7\u00fck kullan\u0131c\u0131lar derhal yasaklan\u0131r<\/li>\n<\/ul>\n\n\n\n<h3 class=\"wp-block-heading\">\u00c7ocuklardan Bilgi Toplam\u0131yoruz<\/h3>\n\n\n\n<p>Hizmetimizi 18 ya\u015f\u0131ndan k\u00fc\u00e7\u00fck bir \u00e7ocu\u011fun kulland\u0131\u011f\u0131n\u0131 d\u00fc\u015f\u00fcn\u00fcyorsan\u0131z, derhal safety@luckycrusher.com adresinden bizimle ileti\u015fime ge\u00e7in. Hesaplar\u0131n\u0131 ve verilerini silece\u011fiz.<\/p>\n\n\n\n<h3 class=\"wp-block-heading\">Re\u015fit Olmayanlar\u0131n Raporlanmas\u0131<\/h3>\n\n\n\n<p>E\u011fer 18 ya\u015f\u0131ndan k\u00fc\u00e7\u00fck birini g\u00f6r\u00fcrseniz:<\/p>\n\n\n\n<ul class=\"wp-block-list\">\n<li>Sohbeti hemen sonland\u0131r\u0131n<\/li>\n\n\n\n<li>Kullan\u0131c\u0131y\u0131 rapor edin<\/li>\n\n\n\n<li>Daha fazla me\u015fgul olma<\/li>\n<\/ul>\n\n\n\n<h2 class=\"wp-block-heading\">10. Uluslararas\u0131 Veri Transferleri<\/h2>\n\n\n\n<p>Bilgileriniz, Amerika Birle\u015fik Devletleri de dahil olmak \u00fczere kendi \u00fclkeniz d\u0131\u015f\u0131ndaki \u00fclkelerde i\u015flenebilir. Verilerinizi korumak i\u00e7in g\u00fcvenlik \u00f6nlemleri kullan\u0131yoruz:<\/p>\n\n\n\n<ul class=\"wp-block-list\">\n<li>Standart S\u00f6zle\u015fme Maddeleri<\/li>\n\n\n\n<li>Veri koruma anla\u015fmalar\u0131<\/li>\n\n\n\n<li>Transferler s\u0131ras\u0131nda \u015fifreleme<\/li>\n<\/ul>\n\n\n\n<h2 class=\"wp-block-heading\">11. \u00dc\u00e7\u00fcnc\u00fc Taraf Hizmetleri<\/h2>\n\n\n\n<p>Platformumuz \u00fc\u00e7\u00fcnc\u00fc taraf web sitelerine ve hizmetlerine ba\u011flant\u0131 verebilir. Onlar\u0131n gizlilik uygulamalar\u0131ndan biz sorumlu de\u011filiz. Bilgi payla\u015fmadan \u00f6nce politikalar\u0131n\u0131 inceleyin.<\/p>\n\n\n\n<p><strong>Kilit \u00fc\u00e7\u00fcnc\u00fc taraflar:<\/strong><\/p>\n\n\n\n<ul class=\"wp-block-list\">\n<li>Google Analytics<\/li>\n\n\n\n<li>\u015eerit<\/li>\n\n\n\n<li>PayPal<\/li>\n<\/ul>\n\n\n\n<h2 class=\"wp-block-heading\">12. Politika G\u00fcncellemeleri<\/h2>\n\n\n\n<p>Uygulamalar\u0131m\u0131zdaki veya yasal gerekliliklerdeki de\u011fi\u015fiklikleri yans\u0131tmak i\u00e7in bu politikay\u0131 g\u00fcncelleyebiliriz.<\/p>\n\n\n\n<p>\u00d6nemli de\u011fi\u015fiklikleri size \u015fu \u015fekilde bildirece\u011fiz:<\/p>\n\n\n\n<ul class=\"wp-block-list\">\n<li>Kay\u0131tl\u0131 adresinize e-posta g\u00f6nderin<\/li>\n\n\n\n<li>Platform bildirimi veya afi\u015fi<\/li>\n\n\n\n<li>\u201cSon G\u00fcncelleme\u201d tarihinin g\u00fcncellenmesi<\/li>\n<\/ul>\n\n\n\n<p>De\u011fi\u015fikliklerden sonra kullanmaya devam etmeniz, g\u00fcncellenen politikay\u0131 kabul etti\u011finiz anlam\u0131na gelir.<\/p>\n\n\n\n<h2 class=\"wp-block-heading\">13. Bize Ula\u015f\u0131n<\/h2>\n\n\n\n<p><strong>LuckyCrusher Gizlilik Ekibi<\/strong><\/p>\n\n\n\n<p><strong>E-posta:<\/strong>&nbsp;info@luckycrusher.com<\/p>\n\n\n\n<p><strong>Web sitesi:<\/strong>&nbsp;https:\/\/luckycrusher.com<\/p>\n\n\n\n<p>Gizlilikle ilgili sorulara 48 saat i\u00e7inde yan\u0131t veriyor ve talepleri 30 g\u00fcn i\u00e7inde yerine getiriyoruz.<\/p>\n\n\n\n<p>Bu Gizlilik Politikas\u0131 en son 13 \u015eubat 2026 tarihinde g\u00fcncellenmi\u015ftir. LuckyCrusher'\u0131 kullanarak, bu Gizlilik Politikas\u0131n\u0131 ve Hizmet \u015eartlar\u0131m\u0131z\u0131 okudu\u011funuzu ve kabul etti\u011finizi onaylam\u0131\u015f olursunuz.<\/p>","protected":false},"excerpt":{"rendered":"<p>Last Updated: February 13, 2026Effective Date: February 13, 2026 Our Commitment to Privacy LuckyCrusher values your privacy and safety. This policy explains how we collect, use, and protect your personal information when you use our video chat platform. By using LuckyCrusher, you agree to this policy. 1. Information We Collect 1.1 Information You Give Us [&hellip;]<\/p>\n","protected":false},"author":1,"featured_media":0,"parent":0,"menu_order":0,"comment_status":"closed","ping_status":"closed","template":"","meta":{"footnotes":""},"class_list":["post-553","page","type-page","status-publish","hentry"],"yoast_head":"<!-- This site is optimized with the Yoast SEO plugin v27.0 - https:\/\/yoast.com\/product\/yoast-seo-wordpress\/ -->\n<title>Privacy Policy - LuckyCrush<\/title>\n<meta name=\"robots\" content=\"index, follow, max-snippet:-1, max-image-preview:large, max-video-preview:-1\" \/>\n<link rel=\"canonical\" href=\"https:\/\/luckycrusher.com\/tr\/gizlilik-politikasi\/\" \/>\n<meta property=\"og:locale\" content=\"tr_TR\" \/>\n<meta property=\"og:type\" content=\"article\" \/>\n<meta property=\"og:title\" content=\"Privacy Policy - LuckyCrush\" \/>\n<meta property=\"og:description\" content=\"Last Updated: February 13, 2026Effective Date: February 13, 2026 Our Commitment to Privacy LuckyCrusher values your privacy and safety. This policy explains how we collect, use, and protect your personal information when you use our video chat platform. By using LuckyCrusher, you agree to this policy. 1. Information We Collect 1.1 Information You Give Us [&hellip;]\" \/>\n<meta property=\"og:url\" content=\"https:\/\/luckycrusher.com\/tr\/gizlilik-politikasi\/\" \/>\n<meta property=\"og:site_name\" content=\"LuckyCrush\" \/>\n<meta property=\"article:modified_time\" content=\"2026-02-16T21:42:22+00:00\" \/>\n<meta name=\"twitter:card\" content=\"summary_large_image\" \/>\n<meta name=\"twitter:label1\" content=\"Tahmini okuma s\u00fcresi\" \/>\n\t<meta name=\"twitter:data1\" content=\"5 dakika\" \/>\n<script type=\"application\/ld+json\" class=\"yoast-schema-graph\">{\"@context\":\"https:\/\/schema.org\",\"@graph\":[{\"@type\":\"WebPage\",\"@id\":\"https:\/\/luckycrusher.com\/privacy-policy\/\",\"url\":\"https:\/\/luckycrusher.com\/privacy-policy\/\",\"name\":\"Privacy Policy - LuckyCrush\",\"isPartOf\":{\"@id\":\"https:\/\/luckycrusher.com\/fr\/#website\"},\"datePublished\":\"2026-02-13T07:43:08+00:00\",\"dateModified\":\"2026-02-16T21:42:22+00:00\",\"breadcrumb\":{\"@id\":\"https:\/\/luckycrusher.com\/privacy-policy\/#breadcrumb\"},\"inLanguage\":\"tr\",\"potentialAction\":[{\"@type\":\"ReadAction\",\"target\":[\"https:\/\/luckycrusher.com\/privacy-policy\/\"]}]},{\"@type\":\"BreadcrumbList\",\"@id\":\"https:\/\/luckycrusher.com\/privacy-policy\/#breadcrumb\",\"itemListElement\":[{\"@type\":\"ListItem\",\"position\":1,\"name\":\"Home\",\"item\":\"https:\/\/luckycrusher.com\/\"},{\"@type\":\"ListItem\",\"position\":2,\"name\":\"Privacy Policy\"}]},{\"@type\":\"WebSite\",\"@id\":\"https:\/\/luckycrusher.com\/fr\/#website\",\"url\":\"https:\/\/luckycrusher.com\/fr\/\",\"name\":\"LuckyCrush\",\"description\":\"\",\"publisher\":{\"@id\":\"https:\/\/luckycrusher.com\/fr\/#organization\"},\"potentialAction\":[{\"@type\":\"SearchAction\",\"target\":{\"@type\":\"EntryPoint\",\"urlTemplate\":\"https:\/\/luckycrusher.com\/fr\/?s={search_term_string}\"},\"query-input\":{\"@type\":\"PropertyValueSpecification\",\"valueRequired\":true,\"valueName\":\"search_term_string\"}}],\"inLanguage\":\"tr\"},{\"@type\":\"Organization\",\"@id\":\"https:\/\/luckycrusher.com\/fr\/#organization\",\"name\":\"LuckyCrush\",\"url\":\"https:\/\/luckycrusher.com\/fr\/\",\"logo\":{\"@type\":\"ImageObject\",\"inLanguage\":\"tr\",\"@id\":\"https:\/\/luckycrusher.com\/fr\/#\/schema\/logo\/image\/\",\"url\":\"https:\/\/luckycrusher.com\/wp-content\/uploads\/2023\/12\/ade93feb-f18a-4172-8ac3-9d2353874179.webp\",\"contentUrl\":\"https:\/\/luckycrusher.com\/wp-content\/uploads\/2023\/12\/ade93feb-f18a-4172-8ac3-9d2353874179.webp\",\"width\":1024,\"height\":1024,\"caption\":\"LuckyCrush\"},\"image\":{\"@id\":\"https:\/\/luckycrusher.com\/fr\/#\/schema\/logo\/image\/\"}}]}<\/script>\n<!-- \/ Yoast SEO plugin. -->","yoast_head_json":{"title":"Gizlilik Politikas\u0131 - LuckyCrush","robots":{"index":"index","follow":"follow","max-snippet":"max-snippet:-1","max-image-preview":"max-image-preview:large","max-video-preview":"max-video-preview:-1"},"canonical":"https:\/\/luckycrusher.com\/tr\/gizlilik-politikasi\/","og_locale":"tr_TR","og_type":"article","og_title":"Privacy Policy - LuckyCrush","og_description":"Last Updated: February 13, 2026Effective Date: February 13, 2026 Our Commitment to Privacy LuckyCrusher values your privacy and safety. This policy explains how we collect, use, and protect your personal information when you use our video chat platform. By using LuckyCrusher, you agree to this policy. 1. Information We Collect 1.1 Information You Give Us [&hellip;]","og_url":"https:\/\/luckycrusher.com\/tr\/gizlilik-politikasi\/","og_site_name":"LuckyCrush","article_modified_time":"2026-02-16T21:42:22+00:00","twitter_card":"summary_large_image","twitter_misc":{"Tahmini okuma s\u00fcresi":"5 dakika"},"schema":{"@context":"https:\/\/schema.org","@graph":[{"@type":"WebPage","@id":"https:\/\/luckycrusher.com\/privacy-policy\/","url":"https:\/\/luckycrusher.com\/privacy-policy\/","name":"Gizlilik Politikas\u0131 - LuckyCrush","isPartOf":{"@id":"https:\/\/luckycrusher.com\/fr\/#website"},"datePublished":"2026-02-13T07:43:08+00:00","dateModified":"2026-02-16T21:42:22+00:00","breadcrumb":{"@id":"https:\/\/luckycrusher.com\/privacy-policy\/#breadcrumb"},"inLanguage":"tr","potentialAction":[{"@type":"ReadAction","target":["https:\/\/luckycrusher.com\/privacy-policy\/"]}]},{"@type":"BreadcrumbList","@id":"https:\/\/luckycrusher.com\/privacy-policy\/#breadcrumb","itemListElement":[{"@type":"ListItem","position":1,"name":"Home","item":"https:\/\/luckycrusher.com\/"},{"@type":"ListItem","position":2,"name":"Privacy Policy"}]},{"@type":"WebSite","@id":"https:\/\/luckycrusher.com\/fr\/#website","url":"https:\/\/luckycrusher.com\/fr\/","name":"LuckyCrush","description":"","publisher":{"@id":"https:\/\/luckycrusher.com\/fr\/#organization"},"potentialAction":[{"@type":"SearchAction","target":{"@type":"EntryPoint","urlTemplate":"https:\/\/luckycrusher.com\/fr\/?s={search_term_string}"},"query-input":{"@type":"PropertyValueSpecification","valueRequired":true,"valueName":"search_term_string"}}],"inLanguage":"tr"},{"@type":"Organization","@id":"https:\/\/luckycrusher.com\/fr\/#organization","name":"LuckyCrush","url":"https:\/\/luckycrusher.com\/fr\/","logo":{"@type":"ImageObject","inLanguage":"tr","@id":"https:\/\/luckycrusher.com\/fr\/#\/schema\/logo\/image\/","url":"https:\/\/luckycrusher.com\/wp-content\/uploads\/2023\/12\/ade93feb-f18a-4172-8ac3-9d2353874179.webp","contentUrl":"https:\/\/luckycrusher.com\/wp-content\/uploads\/2023\/12\/ade93feb-f18a-4172-8ac3-9d2353874179.webp","width":1024,"height":1024,"caption":"LuckyCrush"},"image":{"@id":"https:\/\/luckycrusher.com\/fr\/#\/schema\/logo\/image\/"}}]}},"_links":{"self":[{"href":"https:\/\/luckycrusher.com\/tr\/wp-json\/wp\/v2\/pages\/553","targetHints":{"allow":["GET"]}}],"collection":[{"href":"https:\/\/luckycrusher.com\/tr\/wp-json\/wp\/v2\/pages"}],"about":[{"href":"https:\/\/luckycrusher.com\/tr\/wp-json\/wp\/v2\/types\/page"}],"author":[{"embeddable":true,"href":"https:\/\/luckycrusher.com\/tr\/wp-json\/wp\/v2\/users\/1"}],"replies":[{"embeddable":true,"href":"https:\/\/luckycrusher.com\/tr\/wp-json\/wp\/v2\/comments?post=553"}],"version-history":[{"count":7,"href":"https:\/\/luckycrusher.com\/tr\/wp-json\/wp\/v2\/pages\/553\/revisions"}],"predecessor-version":[{"id":590,"href":"https:\/\/luckycrusher.com\/tr\/wp-json\/wp\/v2\/pages\/553\/revisions\/590"}],"wp:attachment":[{"href":"https:\/\/luckycrusher.com\/tr\/wp-json\/wp\/v2\/media?parent=553"}],"curies":[{"name":"wp","href":"https:\/\/api.w.org\/{rel}","templated":true}]}}